{"id":263,"date":"2025-02-19T23:24:54","date_gmt":"2025-02-20T03:24:54","guid":{"rendered":"https:\/\/www.feednb.ca\/?page_id=263"},"modified":"2026-03-27T09:05:54","modified_gmt":"2026-03-27T12:05:54","slug":"notre-mission","status":"publish","type":"page","link":"https:\/\/www.feednb.ca\/fr\/notre-mission\/","title":{"rendered":"Notre mission"},"content":{"rendered":"\n<h2 class=\"wp-block-heading\">Donn\u00e9es relatives aux banques alimentaires et aux cuisines communautaires<\/h2>\n\n\n\n<p>En partenariat avec le Human Development Council, nous avons cr\u00e9\u00e9 un tableau de bord vous permettant de consulter les principaux indicateurs relatifs aux banques alimentaires et aux cuisines communautaires, recueillis aupr\u00e8s des organismes membres de NourrirNB dans tout le Nouveau-Brunswick.<\/p>\n\n\n\n<figure class=\"wp-block-image size-full\"><img decoding=\"async\" src=\"https:\/\/www.feednb.ca\/wp-content\/uploads\/2026\/03\/HDC-e1774542739414.png\" alt=\"\" class=\"wp-image-1067\"\/><\/figure>\n\n\n\n<div style=\"height:10px\" aria-hidden=\"true\" class=\"wp-block-spacer\"><\/div>\n\n\n\n<p><a href=\"https:\/\/app.powerbi.com\/view?r=eyJrIjoiOTRlOGFkZjgtODIxZC00YjBjLWJiNjUtZDA3MjFiZDNiMDE1IiwidCI6IjJjYzUzOGI3LWZjZGEtNGUxYS1hOWY3LTMxMmYwODE0NDE2OSJ9\" target=\"_blank\" rel=\"noreferrer noopener\" class=\"bbs-green-button\">Aller au tableau de bord<\/a><\/p>\n","protected":false},"excerpt":{"rendered":"<p>Donn\u00e9es relatives aux banques alimentaires et aux cuisines communautaires En partenariat avec le Human Development Council, nous avons cr\u00e9\u00e9 un tableau de bord vous permettant de consulter les principaux indicateurs relatifs aux banques alimentaires et aux cuisines communautaires, recueillis aupr\u00e8s des organismes membres de NourrirNB dans tout le Nouveau-Brunswick. Aller au tableau de bord<\/p>\n","protected":false},"author":1,"featured_media":846,"parent":0,"menu_order":0,"comment_status":"closed","ping_status":"closed","template":"","meta":{"footnotes":""},"class_list":["post-263","page","type-page","status-publish","has-post-thumbnail","hentry"],"yoast_head":"<!-- This site is optimized with the Yoast SEO plugin v27.5 - https:\/\/yoast.com\/product\/yoast-seo-wordpress\/ -->\n<title>Notre mission - Nourrir NB<\/title>\n<meta name=\"description\" content=\"D\u00e9couvrez comment Nourrir NB lutte contre la faim via la r\u00e9cup\u00e9ration alimentaire, les programmes nutritionnels scolaires et la sensibilisation. Soutenez notre mission pour une communaut\u00e9 sans faim.\" \/>\n<meta name=\"robots\" content=\"index, follow, max-snippet:-1, max-image-preview:large, max-video-preview:-1\" \/>\n<link rel=\"canonical\" href=\"https:\/\/www.feednb.ca\/fr\/notre-mission\/\" \/>\n<meta property=\"og:locale\" content=\"fr_FR\" \/>\n<meta property=\"og:type\" content=\"article\" \/>\n<meta property=\"og:title\" content=\"Notre mission - Nourrir NB\" \/>\n<meta property=\"og:description\" content=\"D\u00e9couvrez comment Nourrir NB lutte contre la faim via la r\u00e9cup\u00e9ration alimentaire, les programmes nutritionnels scolaires et la sensibilisation. Soutenez notre mission pour une communaut\u00e9 sans faim.\" \/>\n<meta property=\"og:url\" content=\"https:\/\/www.feednb.ca\/fr\/notre-mission\/\" \/>\n<meta property=\"og:site_name\" content=\"Nourrir NB\" \/>\n<meta property=\"article:modified_time\" content=\"2026-03-27T12:05:54+00:00\" \/>\n<meta property=\"og:image\" content=\"https:\/\/www.feednb.ca\/wp-content\/uploads\/2025\/05\/Mission-Advocacy.jpg\" \/>\n\t<meta property=\"og:image:width\" content=\"1800\" \/>\n\t<meta property=\"og:image:height\" content=\"1200\" \/>\n\t<meta property=\"og:image:type\" content=\"image\/jpeg\" \/>\n<meta name=\"twitter:card\" content=\"summary_large_image\" \/>\n<meta name=\"twitter:label1\" content=\"Dur\u00e9e de lecture estim\u00e9e\" \/>\n\t<meta name=\"twitter:data1\" content=\"1 minute\" \/>\n<script type=\"application\/ld+json\" class=\"yoast-schema-graph\">{\"@context\":\"https:\\\/\\\/schema.org\",\"@graph\":[{\"@type\":\"WebPage\",\"@id\":\"https:\\\/\\\/www.feednb.ca\\\/fr\\\/notre-mission\\\/\",\"url\":\"https:\\\/\\\/www.feednb.ca\\\/fr\\\/notre-mission\\\/\",\"name\":\"Notre mission - Nourrir NB\",\"isPartOf\":{\"@id\":\"https:\\\/\\\/www.feednb.ca\\\/fr\\\/#website\"},\"primaryImageOfPage\":{\"@id\":\"https:\\\/\\\/www.feednb.ca\\\/fr\\\/notre-mission\\\/#primaryimage\"},\"image\":{\"@id\":\"https:\\\/\\\/www.feednb.ca\\\/fr\\\/notre-mission\\\/#primaryimage\"},\"thumbnailUrl\":\"https:\\\/\\\/www.feednb.ca\\\/wp-content\\\/uploads\\\/2025\\\/05\\\/Mission-Advocacy.jpg\",\"datePublished\":\"2025-02-20T03:24:54+00:00\",\"dateModified\":\"2026-03-27T12:05:54+00:00\",\"description\":\"D\u00e9couvrez comment Nourrir NB lutte contre la faim via la r\u00e9cup\u00e9ration alimentaire, les programmes nutritionnels scolaires et la sensibilisation. Soutenez notre mission pour une communaut\u00e9 sans faim.\",\"breadcrumb\":{\"@id\":\"https:\\\/\\\/www.feednb.ca\\\/fr\\\/notre-mission\\\/#breadcrumb\"},\"inLanguage\":\"fr-FR\",\"potentialAction\":[{\"@type\":\"ReadAction\",\"target\":[\"https:\\\/\\\/www.feednb.ca\\\/fr\\\/notre-mission\\\/\"]}]},{\"@type\":\"ImageObject\",\"inLanguage\":\"fr-FR\",\"@id\":\"https:\\\/\\\/www.feednb.ca\\\/fr\\\/notre-mission\\\/#primaryimage\",\"url\":\"https:\\\/\\\/www.feednb.ca\\\/wp-content\\\/uploads\\\/2025\\\/05\\\/Mission-Advocacy.jpg\",\"contentUrl\":\"https:\\\/\\\/www.feednb.ca\\\/wp-content\\\/uploads\\\/2025\\\/05\\\/Mission-Advocacy.jpg\",\"width\":1800,\"height\":1200},{\"@type\":\"BreadcrumbList\",\"@id\":\"https:\\\/\\\/www.feednb.ca\\\/fr\\\/notre-mission\\\/#breadcrumb\",\"itemListElement\":[{\"@type\":\"ListItem\",\"position\":1,\"name\":\"Home\",\"item\":\"https:\\\/\\\/www.feednb.ca\\\/fr\\\/\"},{\"@type\":\"ListItem\",\"position\":2,\"name\":\"Notre mission\"}]},{\"@type\":\"WebSite\",\"@id\":\"https:\\\/\\\/www.feednb.ca\\\/fr\\\/#website\",\"url\":\"https:\\\/\\\/www.feednb.ca\\\/fr\\\/\",\"name\":\"Feed NB \\\/ Nourrir NB\",\"description\":\"\",\"publisher\":{\"@id\":\"https:\\\/\\\/www.feednb.ca\\\/fr\\\/#organization\"},\"potentialAction\":[{\"@type\":\"SearchAction\",\"target\":{\"@type\":\"EntryPoint\",\"urlTemplate\":\"https:\\\/\\\/www.feednb.ca\\\/fr\\\/?s={search_term_string}\"},\"query-input\":{\"@type\":\"PropertyValueSpecification\",\"valueRequired\":true,\"valueName\":\"search_term_string\"}}],\"inLanguage\":\"fr-FR\"},{\"@type\":\"Organization\",\"@id\":\"https:\\\/\\\/www.feednb.ca\\\/fr\\\/#organization\",\"name\":\"Nourrir NB\",\"url\":\"https:\\\/\\\/www.feednb.ca\\\/fr\\\/\",\"logo\":{\"@type\":\"ImageObject\",\"inLanguage\":\"fr-FR\",\"@id\":\"https:\\\/\\\/www.feednb.ca\\\/fr\\\/#\\\/schema\\\/logo\\\/image\\\/\",\"url\":\"https:\\\/\\\/www.feednb.ca\\\/wp-content\\\/uploads\\\/2025\\\/05\\\/Logo_Colour_FeedNB_NourrirNB.png\",\"contentUrl\":\"https:\\\/\\\/www.feednb.ca\\\/wp-content\\\/uploads\\\/2025\\\/05\\\/Logo_Colour_FeedNB_NourrirNB.png\",\"width\":808,\"height\":783,\"caption\":\"Nourrir NB\"},\"image\":{\"@id\":\"https:\\\/\\\/www.feednb.ca\\\/fr\\\/#\\\/schema\\\/logo\\\/image\\\/\"}}]}<\/script>\n<!-- \/ Yoast SEO plugin. -->","yoast_head_json":{"title":"Notre mission - Nourrir NB","description":"D\u00e9couvrez comment Nourrir NB lutte contre la faim via la r\u00e9cup\u00e9ration alimentaire, les programmes nutritionnels scolaires et la sensibilisation. Soutenez notre mission pour une communaut\u00e9 sans faim.","robots":{"index":"index","follow":"follow","max-snippet":"max-snippet:-1","max-image-preview":"max-image-preview:large","max-video-preview":"max-video-preview:-1"},"canonical":"https:\/\/www.feednb.ca\/fr\/notre-mission\/","og_locale":"fr_FR","og_type":"article","og_title":"Notre mission - Nourrir NB","og_description":"D\u00e9couvrez comment Nourrir NB lutte contre la faim via la r\u00e9cup\u00e9ration alimentaire, les programmes nutritionnels scolaires et la sensibilisation. Soutenez notre mission pour une communaut\u00e9 sans faim.","og_url":"https:\/\/www.feednb.ca\/fr\/notre-mission\/","og_site_name":"Nourrir NB","article_modified_time":"2026-03-27T12:05:54+00:00","og_image":[{"width":1800,"height":1200,"url":"https:\/\/www.feednb.ca\/wp-content\/uploads\/2025\/05\/Mission-Advocacy.jpg","type":"image\/jpeg"}],"twitter_card":"summary_large_image","twitter_misc":{"Dur\u00e9e de lecture estim\u00e9e":"1 minute"},"schema":{"@context":"https:\/\/schema.org","@graph":[{"@type":"WebPage","@id":"https:\/\/www.feednb.ca\/fr\/notre-mission\/","url":"https:\/\/www.feednb.ca\/fr\/notre-mission\/","name":"Notre mission - Nourrir NB","isPartOf":{"@id":"https:\/\/www.feednb.ca\/fr\/#website"},"primaryImageOfPage":{"@id":"https:\/\/www.feednb.ca\/fr\/notre-mission\/#primaryimage"},"image":{"@id":"https:\/\/www.feednb.ca\/fr\/notre-mission\/#primaryimage"},"thumbnailUrl":"https:\/\/www.feednb.ca\/wp-content\/uploads\/2025\/05\/Mission-Advocacy.jpg","datePublished":"2025-02-20T03:24:54+00:00","dateModified":"2026-03-27T12:05:54+00:00","description":"D\u00e9couvrez comment Nourrir NB lutte contre la faim via la r\u00e9cup\u00e9ration alimentaire, les programmes nutritionnels scolaires et la sensibilisation. Soutenez notre mission pour une communaut\u00e9 sans faim.","breadcrumb":{"@id":"https:\/\/www.feednb.ca\/fr\/notre-mission\/#breadcrumb"},"inLanguage":"fr-FR","potentialAction":[{"@type":"ReadAction","target":["https:\/\/www.feednb.ca\/fr\/notre-mission\/"]}]},{"@type":"ImageObject","inLanguage":"fr-FR","@id":"https:\/\/www.feednb.ca\/fr\/notre-mission\/#primaryimage","url":"https:\/\/www.feednb.ca\/wp-content\/uploads\/2025\/05\/Mission-Advocacy.jpg","contentUrl":"https:\/\/www.feednb.ca\/wp-content\/uploads\/2025\/05\/Mission-Advocacy.jpg","width":1800,"height":1200},{"@type":"BreadcrumbList","@id":"https:\/\/www.feednb.ca\/fr\/notre-mission\/#breadcrumb","itemListElement":[{"@type":"ListItem","position":1,"name":"Home","item":"https:\/\/www.feednb.ca\/fr\/"},{"@type":"ListItem","position":2,"name":"Notre mission"}]},{"@type":"WebSite","@id":"https:\/\/www.feednb.ca\/fr\/#website","url":"https:\/\/www.feednb.ca\/fr\/","name":"Feed NB \/ Nourrir NB","description":"","publisher":{"@id":"https:\/\/www.feednb.ca\/fr\/#organization"},"potentialAction":[{"@type":"SearchAction","target":{"@type":"EntryPoint","urlTemplate":"https:\/\/www.feednb.ca\/fr\/?s={search_term_string}"},"query-input":{"@type":"PropertyValueSpecification","valueRequired":true,"valueName":"search_term_string"}}],"inLanguage":"fr-FR"},{"@type":"Organization","@id":"https:\/\/www.feednb.ca\/fr\/#organization","name":"Nourrir NB","url":"https:\/\/www.feednb.ca\/fr\/","logo":{"@type":"ImageObject","inLanguage":"fr-FR","@id":"https:\/\/www.feednb.ca\/fr\/#\/schema\/logo\/image\/","url":"https:\/\/www.feednb.ca\/wp-content\/uploads\/2025\/05\/Logo_Colour_FeedNB_NourrirNB.png","contentUrl":"https:\/\/www.feednb.ca\/wp-content\/uploads\/2025\/05\/Logo_Colour_FeedNB_NourrirNB.png","width":808,"height":783,"caption":"Nourrir NB"},"image":{"@id":"https:\/\/www.feednb.ca\/fr\/#\/schema\/logo\/image\/"}}]}},"_links":{"self":[{"href":"https:\/\/www.feednb.ca\/fr\/wp-json\/wp\/v2\/pages\/263","targetHints":{"allow":["GET"]}}],"collection":[{"href":"https:\/\/www.feednb.ca\/fr\/wp-json\/wp\/v2\/pages"}],"about":[{"href":"https:\/\/www.feednb.ca\/fr\/wp-json\/wp\/v2\/types\/page"}],"author":[{"embeddable":true,"href":"https:\/\/www.feednb.ca\/fr\/wp-json\/wp\/v2\/users\/1"}],"replies":[{"embeddable":true,"href":"https:\/\/www.feednb.ca\/fr\/wp-json\/wp\/v2\/comments?post=263"}],"version-history":[{"count":5,"href":"https:\/\/www.feednb.ca\/fr\/wp-json\/wp\/v2\/pages\/263\/revisions"}],"predecessor-version":[{"id":1093,"href":"https:\/\/www.feednb.ca\/fr\/wp-json\/wp\/v2\/pages\/263\/revisions\/1093"}],"wp:featuredmedia":[{"embeddable":true,"href":"https:\/\/www.feednb.ca\/fr\/wp-json\/wp\/v2\/media\/846"}],"wp:attachment":[{"href":"https:\/\/www.feednb.ca\/fr\/wp-json\/wp\/v2\/media?parent=263"}],"curies":[{"name":"wp","href":"https:\/\/api.w.org\/{rel}","templated":true}]}}